{"id":15006,"date":"2019-10-26T18:38:34","date_gmt":"2019-10-26T16:38:34","guid":{"rendered":"https:\/\/www.neta.al\/product\/peaches\/"},"modified":"2024-12-31T12:27:19","modified_gmt":"2024-12-31T11:27:19","slug":"peaches","status":"publish","type":"product","link":"https:\/\/www.neta.al\/sq\/product\/peaches\/","title":{"rendered":"Pjeshk\u00eb"},"content":{"rendered":"","protected":false},"excerpt":{"rendered":"<p>Periudha e disponueshm\u00ebris\u00eb: maj &#8211; shtator<\/p>\n<p>Po k\u00ebrkoni t\u00eb furnizoni dyqanet tuaja apo t\u00eb furnizoni tregun tuaj lokal? Na kontaktoni sot p\u00ebr t\u00eb kontrolluar disponueshm\u00ebrin\u00eb e produktit, shum\u00ebllojshm\u00ebrin\u00eb e llojit t\u00eb produktit dhe p\u00ebr t\u00eb marr\u00eb t\u00eb gjith\u00eb informacionin q\u00eb ju nevojitet!<\/p>\n<p>&nbsp;<\/p>\n<p><a href=\"https:\/\/www.neta.al\/sq\/contact\/\"><span style=\"color: #ff0000;\">Kliko k\u00ebtu<\/span><\/a> p\u00ebr t\u00eb kontaktuar me ne dhe p\u00ebr t\u00eb k\u00ebrkuar \u00e7mimin e produktit dhe disponueshm\u00ebrin\u00eb.<\/p>\n","protected":false},"featured_media":13318,"template":"","meta":[],"product_brand":[],"product_cat":[83],"product_tag":[84,85,86,87,88],"class_list":{"0":"post-15006","1":"product","2":"type-product","3":"status-publish","4":"has-post-thumbnail","6":"product_cat-fresh-fruits-sq","7":"product_tag-august-sq","8":"product_tag-july-sq","9":"product_tag-may-sq","10":"product_tag-june-sq","11":"product_tag-september-sq","14":"instock","15":"shipping-taxable","16":"product-type-simple","17":"product-grid-view"},"_links":{"self":[{"href":"https:\/\/www.neta.al\/sq\/wp-json\/wp\/v2\/product\/15006","targetHints":{"allow":["GET"]}}],"collection":[{"href":"https:\/\/www.neta.al\/sq\/wp-json\/wp\/v2\/product"}],"about":[{"href":"https:\/\/www.neta.al\/sq\/wp-json\/wp\/v2\/types\/product"}],"wp:featuredmedia":[{"embeddable":true,"href":"https:\/\/www.neta.al\/sq\/wp-json\/wp\/v2\/media\/13318"}],"wp:attachment":[{"href":"https:\/\/www.neta.al\/sq\/wp-json\/wp\/v2\/media?parent=15006"}],"wp:term":[{"taxonomy":"product_brand","embeddable":true,"href":"https:\/\/www.neta.al\/sq\/wp-json\/wp\/v2\/product_brand?post=15006"},{"taxonomy":"product_cat","embeddable":true,"href":"https:\/\/www.neta.al\/sq\/wp-json\/wp\/v2\/product_cat?post=15006"},{"taxonomy":"product_tag","embeddable":true,"href":"https:\/\/www.neta.al\/sq\/wp-json\/wp\/v2\/product_tag?post=15006"}],"curies":[{"name":"wp","href":"https:\/\/api.w.org\/{rel}","templated":true}]}}