{"id":15012,"date":"2019-10-26T16:09:27","date_gmt":"2019-10-26T14:09:27","guid":{"rendered":"https:\/\/www.neta.al\/product\/watermelon\/"},"modified":"2024-12-31T12:31:50","modified_gmt":"2024-12-31T11:31:50","slug":"watermelon","status":"publish","type":"product","link":"https:\/\/www.neta.al\/sq\/product\/watermelon\/","title":{"rendered":"Shalqi"},"content":{"rendered":"","protected":false},"excerpt":{"rendered":"<p>Disponueshm\u00ebria: Qershor-Tetor<\/p>\n<p>Po k\u00ebrkoni t\u00eb furnizoni dyqanet tuaja apo t\u00eb furnizoni tregun tuaj lokal? Na kontaktoni sot p\u00ebr t\u00eb kontrolluar disponueshm\u00ebrin\u00eb e produktit, shum\u00ebllojshm\u00ebrin\u00eb e llojit t\u00eb produktit dhe p\u00ebr t\u00eb marr\u00eb t\u00eb gjith\u00eb informacionin q\u00eb ju nevojitet!<\/p>\n<p>&nbsp;<\/p>\n<p><a href=\"https:\/\/www.neta.al\/sq\/contact\/\"><span style=\"color: #ff0000;\">Kliko k\u00ebtu<\/span><\/a> p\u00ebr t\u00eb kontaktuar me ne dhe p\u00ebr t\u00eb k\u00ebrkuar \u00e7mimin e produktit dhe disponueshm\u00ebrin\u00eb.<\/p>\n","protected":false},"featured_media":13243,"template":"","meta":[],"product_brand":[],"product_cat":[83],"product_tag":[84,85,87,88],"class_list":{"0":"post-15012","1":"product","2":"type-product","3":"status-publish","4":"has-post-thumbnail","6":"product_cat-fresh-fruits-sq","7":"product_tag-august-sq","8":"product_tag-july-sq","9":"product_tag-june-sq","10":"product_tag-september-sq","13":"instock","14":"shipping-taxable","15":"product-type-simple","16":"product-grid-view"},"_links":{"self":[{"href":"https:\/\/www.neta.al\/sq\/wp-json\/wp\/v2\/product\/15012","targetHints":{"allow":["GET"]}}],"collection":[{"href":"https:\/\/www.neta.al\/sq\/wp-json\/wp\/v2\/product"}],"about":[{"href":"https:\/\/www.neta.al\/sq\/wp-json\/wp\/v2\/types\/product"}],"wp:featuredmedia":[{"embeddable":true,"href":"https:\/\/www.neta.al\/sq\/wp-json\/wp\/v2\/media\/13243"}],"wp:attachment":[{"href":"https:\/\/www.neta.al\/sq\/wp-json\/wp\/v2\/media?parent=15012"}],"wp:term":[{"taxonomy":"product_brand","embeddable":true,"href":"https:\/\/www.neta.al\/sq\/wp-json\/wp\/v2\/product_brand?post=15012"},{"taxonomy":"product_cat","embeddable":true,"href":"https:\/\/www.neta.al\/sq\/wp-json\/wp\/v2\/product_cat?post=15012"},{"taxonomy":"product_tag","embeddable":true,"href":"https:\/\/www.neta.al\/sq\/wp-json\/wp\/v2\/product_tag?post=15012"}],"curies":[{"name":"wp","href":"https:\/\/api.w.org\/{rel}","templated":true}]}}